{"id":8,"date":"2025-10-23T11:32:29","date_gmt":"2025-10-23T09:32:29","guid":{"rendered":"https:\/\/cr-lux.marie-rabault.com\/?page_id=8"},"modified":"2026-02-02T19:18:25","modified_gmt":"2026-02-02T18:18:25","slug":"accueil","status":"publish","type":"page","link":"https:\/\/www.coutot-roehrig.lu\/","title":{"rendered":"Accueil"},"content":{"rendered":"\n<div class=\"gb-element-7d97a92a\">\n<div>\n<div class=\"gb-element-b7638748\">\n<div class=\"gb-element-aa1f9794\">\n<h4 class=\"gb-text gb-text-435c0317\">49 <\/h4>\n\n\n\n<h5 class=\"gb-text\">succursales<\/h5>\n<\/div>\n\n\n\n<div class=\"gb-element-7e0be4ed\">\n<h4 class=\"gb-text gb-text-e8337e1b\">380 <\/h4>\n\n\n\n<h5 class=\"gb-text\">collaborateurs<\/h5>\n<\/div>\n<\/div>\n\n\n\n<div class=\"gb-element-ff79342e\">\n<div class=\"gb-element-573b3c4f\">\n<img loading=\"lazy\" decoding=\"async\" width=\"30\" height=\"29\" class=\"gb-media-fc55de8e\" alt=\"\" src=\"https:\/\/www.coutot-roehrig.lu\/wp-content\/uploads\/2025\/11\/chardon.svg\" title=\"chardon\"\/>\n<\/div>\n\n\n\n<div class=\"gb-element-b93f4fef\">\n<h5 class=\"gb-text gb-text-1be6de41\">Nos \u00e9quipes sont pr\u00e9sentes dans plusieurs pays d\u2019Europe : <strong>France, Italie, Espagne, Belgique, Allemagne, Monaco, Suisse et Luxembourg.<\/strong><\/h5>\n<\/div>\n<\/div>\n\n\n\n<div class=\"gb-element-9a82bc21\">\n<div class=\"gb-element-6df8b0cc\">\n<h4 class=\"gb-text gb-text-55c9c006\">50 <\/h4>\n\n\n\n<h5 class=\"gb-text\">correspondants exclusifs <br>dans le monde entier<\/h5>\n<\/div>\n\n\n\n<div class=\"gb-element-cede5c03\">\n<h4 class=\"gb-text gb-text-3c00b5a3\">130<\/h4>\n\n\n\n<h5 class=\"gb-text\">ann\u00e9es d\u2019exp\u00e9rience<\/h5>\n<\/div>\n<\/div>\n<\/div>\n\n\n\n<div class=\"gb-element-44f48c72\" style=\"--inline-bg-image: url(https:\/\/www.coutot-roehrig.lu\/wp-content\/uploads\/2025\/11\/coutot-roehrig_website_europakarte_standorte2-1479x1536-1.webp)\"><\/div>\n<\/div>\n\n\n\n<div class=\"gb-element-555cf444\">\n<div class=\"gb-element-987b9d3a\">\n<p class=\"gb-text gb-text-099a2918\">G\u00c9N\u00c9ALOGISTE SUCCESSORAL<\/p>\n\n\n\n<h2 class=\"gb-text\">Notre mission essentielle : rechercher des h\u00e9ritiers dans le cadre d\u2019une succession<\/h2>\n\n\n\n<p>Le g\u00e9n\u00e9alogiste successoral est un v\u00e9ritable enqu\u00eateur et travaille en \u00e9troite collaboration avec les notaires, les avocats, les tribunaux et parfois les administrations publiques. Il intervient pour identifier les ayants-droit dans le cadre d\u2019une succession complexe ou vacante en utilisant diverses sources : registres d\u2019\u00e9tat civil, archives notariales, militaires, migrations, etc\u2026 et informe les h\u00e9ritiers o\u00f9 qu\u2019ils se trouvent dans le monde. Son travail demande une expertise en droit des successions, en histoire familiale, mais aussi une rigueur administrative et juridique.<\/p>\n\n\n\n<p>Le g\u00e9n\u00e9alogiste successoral intervient \u00e9galement pour des biens vacants, la v\u00e9rification d\u2019une d\u00e9volution, un compte bancaire dormant ou un contrat d\u2019assurance-vie en d\u00e9sh\u00e9rence, la localisation de personnes ou leurs ayants-droit.<\/p>\n\n\n\n<p class=\"gb-headline gb-headline-5f70943e\"><span class=\"gb-icon\"><svg aria-hidden=\"true\" role=\"img\" height=\"1em\" width=\"1em\" viewBox=\"0 0 256 512\" xmlns=\"http:\/\/www.w3.org\/2000\/svg\"><path fill=\"currentColor\" d=\"M224.3 273l-136 136c-9.4 9.4-24.6 9.4-33.9 0l-22.6-22.6c-9.4-9.4-9.4-24.6 0-33.9l96.4-96.4-96.4-96.4c-9.4-9.4-9.4-24.6 0-33.9L54.3 103c9.4-9.4 24.6-9.4 33.9 0l136 136c9.5 9.4 9.5 24.6.1 34z\"><\/path><\/svg><\/span><span class=\"gb-headline-text\"><a href=\"https:\/\/www.calameo.com\/read\/0072330380c720ffc519d\" target=\"_blank\" rel=\"noreferrer noopener\"><strong>T\u00e9l\u00e9chargez le Pr\u00e9cis des d\u00e9volutions en Europe<\/strong><\/a><\/span><\/p>\n<\/div>\n\n\n\n<div class=\"gb-element-7ec04eb3\" style=\"--inline-bg-image: url(https:\/\/www.coutot-roehrig.lu\/wp-content\/uploads\/2025\/11\/archives-coutot-roehrig-luxembourg.jpg)\"><\/div>\n<\/div>\n\n\n\n<div class=\"wp-block-cover alignfull\"><span aria-hidden=\"true\" class=\"wp-block-cover__background has-global-color-8-background-color has-background-dim-100 has-background-dim\"><\/span><div class=\"wp-block-cover__inner-container is-layout-constrained wp-block-cover-is-layout-constrained\">\n<div class=\"gb-element-fd451132\">\n<h2 class=\"gb-text\">Les collaborateurs de Coutot-Roehrig sont historiens ou juristes. Leurs activit\u00e9s vont de la recherche d\u2019h\u00e9ritiers au r\u00e8glement successoral.<\/h2>\n\n\n\n<div class=\"gb-element-c39f1602\">\n<div>\n<img loading=\"lazy\" decoding=\"async\" width=\"120\" height=\"120\" class=\"gb-media-622877cb\" alt=\"\" src=\"https:\/\/www.coutot-roehrig.lu\/wp-content\/uploads\/2025\/11\/icon-recherche-heritiers.png\" title=\"icon-recherche-heritiers\"\/>\n\n\n\n<h3 class=\"wp-block-heading\">Recherche d&rsquo;h\u00e9ritiers<\/h3>\n\n\n\n<p>Le champ de recherche des h\u00e9ritiers est vaste tant par les degr\u00e9s de parent\u00e9 lointains que par les liens affectifs ou g\u00e9ographiques distants voire inexistants.<\/p>\n<\/div>\n\n\n\n<div>\n<img loading=\"lazy\" decoding=\"async\" width=\"120\" height=\"120\" class=\"gb-media-3fffcbd8\" alt=\"\" src=\"https:\/\/www.coutot-roehrig.lu\/wp-content\/uploads\/2025\/11\/icon-biens-vacants.png\" title=\"icon-biens-vacants\"\/>\n\n\n\n<h3 class=\"gb-text\">Biens vacants et sans ma\u00eetre<\/h3>\n\n\n\n<p>Sont consid\u00e9r\u00e9s bien vacants ou sans ma\u00eetre les propri\u00e9t\u00e9s sans propri\u00e9taire connu et pour lesquels les taxes fonci\u00e8res n\u2019ont pas \u00e9t\u00e9 acquitt\u00e9s depuis plus de trois ans.<\/p>\n<\/div>\n\n\n\n<div>\n<img loading=\"lazy\" decoding=\"async\" width=\"120\" height=\"120\" class=\"gb-media-24252a95\" alt=\"\" src=\"https:\/\/www.coutot-roehrig.lu\/wp-content\/uploads\/2025\/11\/icon-devolution-1.png\" title=\"icon-devolution\"\/>\n\n\n\n<h3 class=\"gb-text\">V\u00e9rification de d\u00e9volution<\/h3>\n\n\n\n<p>Pour certaines successions, les h\u00e9ritiers semblent connus mais des zones d\u2019ombres demeurent. La succession ne peut \u00eatre r\u00e9gl\u00e9e sans proc\u00e9der \u00e0 des v\u00e9rifications.<\/p>\n<\/div>\n\n\n\n<div>\n<img loading=\"lazy\" decoding=\"async\" width=\"120\" height=\"120\" class=\"gb-media-06b2dd1a\" alt=\"\" src=\"https:\/\/www.coutot-roehrig.lu\/wp-content\/uploads\/2025\/11\/icon-recherche-beneficiaires.png\" title=\"icon-recherche-beneficiaires\"\/>\n\n\n\n<h3 class=\"gb-text\">Recherche de titulaire \/ b\u00e9n\u00e9ficiaire<\/h3>\n\n\n\n<p>La loi du 30 mars 2022, entr\u00e9e en vigueur le 1er juin 2022, impose aux banques et aux assurances de recenser les contrats ou comptes en d\u00e9sh\u00e9rence afin d\u2019en rappeler l\u2019existence \u00e0 leur titulaire.<\/p>\n<\/div>\n\n\n\n<div>\n<img loading=\"lazy\" decoding=\"async\" width=\"120\" height=\"120\" class=\"gb-media-2589c14a\" alt=\"\" src=\"https:\/\/www.coutot-roehrig.lu\/wp-content\/uploads\/2025\/11\/icon-reglement-succession.png\" title=\"icon-reglement-succession\"\/>\n\n\n\n<h3 class=\"gb-text\">R\u00e8glement de succession<\/h3>\n\n\n\n<p>Nous avons vocation \u00e0 \u00eatre les mandataires des h\u00e9ritiers que nous retrouvons. Juristes, nous participons au r\u00e8glement des successions aux lieu et place des h\u00e9ritiers.<\/p>\n<\/div>\n<\/div>\n<\/div>\n<\/div><\/div>\n\n\n\n<div class=\"gb-element-2f3ffd6d\">\n<div class=\"gb-element-c3aff810\">\n<p class=\"gb-headline gb-headline-617e746a\"><span class=\"gb-icon\"><svg aria-hidden=\"true\" role=\"img\" height=\"1em\" width=\"1em\" viewBox=\"0 0 512 512\" xmlns=\"http:\/\/www.w3.org\/2000\/svg\"><path fill=\"currentColor\" d=\"M493.4 24.6l-104-24c-11.3-2.6-22.9 3.3-27.5 13.9l-48 112c-4.2 9.8-1.4 21.3 6.9 28l60.6 49.6c-36 76.7-98.9 140.5-177.2 177.2l-49.6-60.6c-6.8-8.3-18.2-11.1-28-6.9l-112 48C3.9 366.5-2 378.1.6 389.4l24 104C27.1 504.2 36.7 512 48 512c256.1 0 464-207.5 464-464 0-11.2-7.7-20.9-18.6-23.4z\"><\/path><\/svg><\/span><span class=\"gb-headline-text\"><strong>Appelez-nous <\/strong><br><a href=\"tel:00352&nbsp;661&nbsp;918&nbsp;808\" data-type=\"tel\" data-id=\"tel:00352&nbsp;661&nbsp;918&nbsp;808\">00352&nbsp;661&nbsp;918&nbsp;808<\/a><br><\/span><\/p>\n<\/div>\n\n\n\n<div class=\"gb-element-0fa527b7\">\n<p class=\"gb-headline gb-headline-b453ec4a\"><span class=\"gb-icon\"><svg aria-hidden=\"true\" role=\"img\" height=\"1em\" width=\"1em\" viewBox=\"0 0 512 512\" xmlns=\"http:\/\/www.w3.org\/2000\/svg\"><path fill=\"currentColor\" d=\"M464 64H48C21.49 64 0 85.49 0 112v288c0 26.51 21.49 48 48 48h416c26.51 0 48-21.49 48-48V112c0-26.51-21.49-48-48-48zm0 48v40.805c-22.422 18.259-58.168 46.651-134.587 106.49-16.841 13.247-50.201 45.072-73.413 44.701-23.208.375-56.579-31.459-73.413-44.701C106.18 199.465 70.425 171.067 48 152.805V112h416zM48 400V214.398c22.914 18.251 55.409 43.862 104.938 82.646 21.857 17.205 60.134 55.186 103.062 54.955 42.717.231 80.509-37.199 103.053-54.947 49.528-38.783 82.032-64.401 104.947-82.653V400H48z\"><\/path><\/svg><\/span><span class=\"gb-headline-text\"><strong>Envoyez-nous<\/strong><br>un courrier \u00e9lectronique \u00e0&nbsp;:<br><a href=\"mailto:luxembourg@coutot-roehrig.com\" target=\"_blank\" rel=\"noreferrer noopener\">luxembourg@coutot-roehrig.com<\/a><\/span><\/p>\n<\/div>\n\n\n\n<div class=\"gb-element-f80f868e\">\n<p class=\"gb-headline gb-headline-104ea684\"><span class=\"gb-icon\"><svg aria-hidden=\"true\" role=\"img\" height=\"1em\" width=\"1em\" viewBox=\"0 0 384 512\" xmlns=\"http:\/\/www.w3.org\/2000\/svg\"><path fill=\"currentColor\" d=\"M172.268 501.67C26.97 291.031 0 269.413 0 192 0 85.961 85.961 0 192 0s192 85.961 192 192c0 77.413-26.97 99.031-172.268 309.67-9.535 13.774-29.93 13.773-39.464 0zM192 272c44.183 0 80-35.817 80-80s-35.817-80-80-80-80 35.817-80 80 35.817 80 80 80z\"><\/path><\/svg><\/span><span class=\"gb-headline-text\"><strong>Coutot-Roehrig Luxembourg<\/strong><br>12, rue du Ch\u00e2teau d\u2019Eau, <br>L-3364 Leudelange<\/span><\/p>\n<\/div>\n<\/div>\n\n\n\n<div class=\"wp-block-cover alignfull\"><img loading=\"lazy\" decoding=\"async\" width=\"1024\" height=\"461\" class=\"wp-block-cover__image-background wp-image-42 size-large\" alt=\"\" src=\"https:\/\/www.coutot-roehrig.lu\/wp-content\/uploads\/2025\/11\/CR-footer-1024x461.jpg\" data-object-fit=\"cover\" srcset=\"https:\/\/www.coutot-roehrig.lu\/wp-content\/uploads\/2025\/11\/CR-footer-1024x461.jpg 1024w, https:\/\/www.coutot-roehrig.lu\/wp-content\/uploads\/2025\/11\/CR-footer-300x135.jpg 300w, https:\/\/www.coutot-roehrig.lu\/wp-content\/uploads\/2025\/11\/CR-footer-768x346.jpg 768w, https:\/\/www.coutot-roehrig.lu\/wp-content\/uploads\/2025\/11\/CR-footer-1536x692.jpg 1536w, https:\/\/www.coutot-roehrig.lu\/wp-content\/uploads\/2025\/11\/CR-footer.jpg 2001w\" sizes=\"auto, (max-width: 1024px) 100vw, 1024px\" \/><span aria-hidden=\"true\" class=\"wp-block-cover__background has-background-dim-0 has-background-dim\" style=\"background-color:#1f493f\"><\/span><div class=\"wp-block-cover__inner-container is-layout-constrained wp-block-cover-is-layout-constrained\">\n<p class=\"gb-headline gb-headline-d87d817a gb-headline-text\">Vous pouvez \u00e9galement consulter le site de la soci\u00e9t\u00e9 COUTOT-ROEHRIG <br>en cliquant sur le lien suivant : <a href=\"http:\/\/www.international.coutot-roehrig.com\" target=\"_blank\" rel=\"noreferrer noopener\">www.international.coutot-roehrig.com<\/a><\/p>\n\n\n\n<div class=\"wp-block-group is-content-justification-center is-layout-flex wp-container-core-group-is-layout-64b26803 wp-block-group-is-layout-flex\">\n<figure class=\"wp-block-image size-full\"><a href=\"https:\/\/www.coutot-roehrig.com\/\" target=\"_blank\" rel=\"noreferrer noopener\"><img decoding=\"async\" src=\"http:\/\/www.coutot-roehrig-decuyper.com\/wp-content\/uploads\/2023\/01\/FRANCE.png\" alt=\"\" class=\"wp-image-16\"\/><\/a><\/figure>\n\n\n\n<figure class=\"wp-block-image size-full\"><a href=\"https:\/\/international.coutot-roehrig.com\/\" target=\"_blank\" rel=\"noreferrer noopener\"><img decoding=\"async\" src=\"http:\/\/www.coutot-roehrig-decuyper.com\/wp-content\/uploads\/2023\/01\/UNITED-KINGDOM.png\" alt=\"\" class=\"wp-image-22\"\/><\/a><\/figure>\n\n\n\n<figure class=\"wp-block-image size-full\"><a href=\"https:\/\/international.coutot-roehrig.com\/?lang=de\" target=\"_blank\" rel=\"noreferrer noopener\"><img decoding=\"async\" src=\"http:\/\/www.coutot-roehrig-decuyper.com\/wp-content\/uploads\/2023\/01\/GERMANY.png\" alt=\"\" class=\"wp-image-17\"\/><\/a><\/figure>\n\n\n\n<figure class=\"wp-block-image size-full\"><a href=\"https:\/\/international.coutot-roehrig.com\/?lang=nl\" target=\"_blank\" rel=\"noreferrer noopener\"><img decoding=\"async\" src=\"http:\/\/www.coutot-roehrig-decuyper.com\/wp-content\/uploads\/2023\/01\/NETHERLANDS.png\" alt=\"\" class=\"wp-image-19\"\/><\/a><\/figure>\n\n\n\n<figure class=\"wp-block-image size-full\"><a href=\"https:\/\/international.coutot-roehrig.com\/?lang=pl\" target=\"_blank\" rel=\"noreferrer noopener\"><img decoding=\"async\" src=\"http:\/\/www.coutot-roehrig-decuyper.com\/wp-content\/uploads\/2023\/01\/POLAND.png\" alt=\"\" class=\"wp-image-20\"\/><\/a><\/figure>\n\n\n\n<figure class=\"wp-block-image size-full\"><a href=\"https:\/\/coutot-roehrig.it\/\" target=\"_blank\" rel=\"noreferrer noopener\"><img decoding=\"async\" src=\"http:\/\/www.coutot-roehrig-decuyper.com\/wp-content\/uploads\/2023\/01\/ITALY.png\" alt=\"\" class=\"wp-image-18\"\/><\/a><\/figure>\n\n\n\n<figure class=\"wp-block-image size-full\"><a href=\"https:\/\/coutot-roehrig.es\/\" target=\"_blank\" rel=\"noreferrer noopener\"><img decoding=\"async\" src=\"http:\/\/www.coutot-roehrig-decuyper.com\/wp-content\/uploads\/2023\/01\/SPAIN.png\" alt=\"\" class=\"wp-image-21\"\/><\/a><\/figure>\n\n\n\n<figure class=\"wp-block-image size-full is-resized\"><a href=\"https:\/\/coutot-roehrig.pt\/\" target=\"_blank\" rel=\"noreferrer noopener\"><img decoding=\"async\" src=\"https:\/\/www.coutot-roehrig-decuyper.com\/wp-content\/uploads\/2024\/06\/Flag_of_Portugal.svg\" alt=\"\" class=\"wp-image-273\" style=\"width:28px\"\/><\/a><\/figure>\n<\/div>\n<\/div><\/div>\n","protected":false},"excerpt":{"rendered":"<p>49 succursales 380 collaborateurs Nos \u00e9quipes sont pr\u00e9sentes dans plusieurs pays d\u2019Europe : France, Italie, Espagne, Belgique, Allemagne, Monaco, Suisse et Luxembourg. 50 correspondants exclusifs dans le monde entier 130 ann\u00e9es d\u2019exp\u00e9rience G\u00c9N\u00c9ALOGISTE SUCCESSORAL Notre mission essentielle : rechercher des h\u00e9ritiers dans le cadre d\u2019une succession Le g\u00e9n\u00e9alogiste successoral est un v\u00e9ritable enqu\u00eateur et travaille &#8230; <a title=\"Accueil\" class=\"read-more\" href=\"https:\/\/www.coutot-roehrig.lu\/\" aria-label=\"En savoir plus sur Accueil\">Lire la suite<\/a><\/p>\n","protected":false},"author":1,"featured_media":0,"parent":0,"menu_order":0,"comment_status":"closed","ping_status":"closed","template":"","meta":{"footnotes":""},"class_list":["post-8","page","type-page","status-publish"],"_links":{"self":[{"href":"https:\/\/www.coutot-roehrig.lu\/index.php\/wp-json\/wp\/v2\/pages\/8","targetHints":{"allow":["GET"]}}],"collection":[{"href":"https:\/\/www.coutot-roehrig.lu\/index.php\/wp-json\/wp\/v2\/pages"}],"about":[{"href":"https:\/\/www.coutot-roehrig.lu\/index.php\/wp-json\/wp\/v2\/types\/page"}],"author":[{"embeddable":true,"href":"https:\/\/www.coutot-roehrig.lu\/index.php\/wp-json\/wp\/v2\/users\/1"}],"replies":[{"embeddable":true,"href":"https:\/\/www.coutot-roehrig.lu\/index.php\/wp-json\/wp\/v2\/comments?post=8"}],"version-history":[{"count":98,"href":"https:\/\/www.coutot-roehrig.lu\/index.php\/wp-json\/wp\/v2\/pages\/8\/revisions"}],"predecessor-version":[{"id":231,"href":"https:\/\/www.coutot-roehrig.lu\/index.php\/wp-json\/wp\/v2\/pages\/8\/revisions\/231"}],"wp:attachment":[{"href":"https:\/\/www.coutot-roehrig.lu\/index.php\/wp-json\/wp\/v2\/media?parent=8"}],"curies":[{"name":"wp","href":"https:\/\/api.w.org\/{rel}","templated":true}]}}